{"id":6186,"date":"2021-05-14T08:20:08","date_gmt":"2021-05-14T06:20:08","guid":{"rendered":"https:\/\/ducadidolle.it\/ddd\/uncategorized\/charme-wine-experience\/"},"modified":"2025-06-03T18:04:47","modified_gmt":"2025-06-03T16:04:47","slug":"charme-wine-experience","status":"publish","type":"product","link":"https:\/\/ducadidolle.it\/en\/experience\/wine-lover-en\/charme-wine-experience\/","title":{"rendered":"Charme Wine Experience"},"content":{"rendered":"<p>La parola d\u2019ordine \u00e8 libert\u00e0: i <strong>3<\/strong> <strong>vini<\/strong> da degustare infatti potranno essere scelti tra i disponibili della nostra linea e saranno accompagnati da <strong>cicchetti. <\/strong>Sar\u00e0 una esperienza ricca di emozioni, tra aneddoti, racconti storici e del vissuto del territorio, in cui Duca di Dolle sveler\u00e0 la propria filosofia e valori distintivi con tutta la sua passione.<\/p>\n<p><strong>COSA \u00c8 INCLUSO:<\/strong><\/p>\n<ol>\n<li>Racconto della storia e filosofia aziendale, introduzione ai territori del Prosecco.<\/li>\n<li><strong>Degustazione guidata di 3 vini <\/strong>spumanti a scelta tra i disponibili della nostra linea* presso il relais Duca di Dolle<\/li>\n<li>Cicchetti; acqua<\/li>\n<\/ol>\n<p><em>*La selezione dei vini pu\u00f2 variare in relazione alla stagionalit\u00e0 e alla disponibilit\u00e0<\/em><\/p>\n","protected":false},"excerpt":{"rendered":"<p>La Charme Wine Experience va oltre la tradizionale degustazione: \u00e8 una vera e propria esperienza immersiva in cui il vino si unisce a stile, buongusto e relax nella cornice magica e suggestiva della tenuta Duca di Dolle.<\/p>\n","protected":false},"featured_media":9288,"template":"","meta":{"_acf_changed":false},"product_brand":[],"product_cat":[275,276],"product_tag":[],"class_list":{"0":"post-6186","1":"product","2":"type-product","3":"status-publish","4":"has-post-thumbnail","6":"product_cat-relax-en","7":"product_cat-wine-lover-en","9":"first","10":"instock","11":"shipping-taxable","12":"purchasable","13":"product-type-simple"},"acf":[],"_links":{"self":[{"href":"https:\/\/ducadidolle.it\/en\/wp-json\/wp\/v2\/product\/6186","targetHints":{"allow":["GET"]}}],"collection":[{"href":"https:\/\/ducadidolle.it\/en\/wp-json\/wp\/v2\/product"}],"about":[{"href":"https:\/\/ducadidolle.it\/en\/wp-json\/wp\/v2\/types\/product"}],"version-history":[{"count":0,"href":"https:\/\/ducadidolle.it\/en\/wp-json\/wp\/v2\/product\/6186\/revisions"}],"wp:featuredmedia":[{"embeddable":true,"href":"https:\/\/ducadidolle.it\/en\/wp-json\/wp\/v2\/media\/9288"}],"wp:attachment":[{"href":"https:\/\/ducadidolle.it\/en\/wp-json\/wp\/v2\/media?parent=6186"}],"wp:term":[{"taxonomy":"product_brand","embeddable":true,"href":"https:\/\/ducadidolle.it\/en\/wp-json\/wp\/v2\/product_brand?post=6186"},{"taxonomy":"product_cat","embeddable":true,"href":"https:\/\/ducadidolle.it\/en\/wp-json\/wp\/v2\/product_cat?post=6186"},{"taxonomy":"product_tag","embeddable":true,"href":"https:\/\/ducadidolle.it\/en\/wp-json\/wp\/v2\/product_tag?post=6186"}],"curies":[{"name":"wp","href":"https:\/\/api.w.org\/{rel}","templated":true}]}}