{"id":6180,"date":"2023-02-01T08:05:57","date_gmt":"2023-02-01T07:05:57","guid":{"rendered":"https:\/\/ducadidolle.it\/ddd\/uncategorized\/wine-in-tour\/"},"modified":"2025-06-03T18:06:54","modified_gmt":"2025-06-03T16:06:54","slug":"wine-in-tour","status":"publish","type":"product","link":"https:\/\/ducadidolle.it\/en\/experience\/history-culture\/wine-in-tour\/","title":{"rendered":"Wine in Tour Experience"},"content":{"rendered":"<p>Goditi una rilassante e incantevole passeggiata tra i vigneti della nostra tenuta e scopri le caratteristiche uniche del Conegliano-Valdobbiadene Prosecco DOCG. Un esperto accompagnatore ti condurr\u00e0 tra le nostre vigne per scoprire la storia e la filosofia di Duca di Dolle e il viaggio che porta dall&#8217;uva al calice. Avrai l&#8217;opportunit\u00e0 di ammirare panorami mozzafiato e di ascoltare aneddoti su un luogo molto antico, risalente al Medioevo. Il nostro <em>Wine Tour<\/em> prevede 3 tappe (l\u2019ultima nel giardino o in saletta dedicata del nostro relais): ognuna sar\u00e0 dedicata a un vino particolarmente rappresentativo di Duca di Dolle, la cui storia, caratteristiche e curiosit\u00e0 saranno spiegate da un membro esperto del nostro staff.<\/p>\n<p><strong>COSA \u00c8 INCLUSO:<\/strong><\/p>\n<ol>\n<li><strong>Degustazione guidata di 4 vini rappresentativi*<br \/>\n<\/strong><strong style=\"background-color: var(--body-bg-color); color: var(--body-color); font-family: var(--body-font-family),sans-serif; font-size: 1.125rem;\">NINO<\/strong><span style=\"background-color: var(--body-bg-color); color: var(--body-color); font-family: var(--body-font-family),sans-serif; font-size: 1.125rem; font-weight: var(--body-font-weight,400);\"> &#8211; Valdobbiadene Prosecco DOCG frizzante, rifermentato in bottiglia<\/span><br \/>\n<strong style=\"background-color: var(--body-bg-color); color: var(--body-color); font-family: var(--body-font-family),sans-serif; font-size: 1.125rem;\">XBRT<\/strong><span style=\"background-color: var(--body-bg-color); color: var(--body-color); font-family: var(--body-font-family),sans-serif; font-size: 1.125rem; font-weight: var(--body-font-weight,400);\"> &#8211; Valdobbiadene Prosecco Superiore DOCG Rive di Rolle, Extra-Brut<br \/>\n<strong style=\"background-color: var(--body-bg-color); color: var(--body-color); font-family: var(--body-font-family),sans-serif; font-size: 1.125rem;\">EXD<\/strong><span style=\"background-color: var(--body-bg-color); color: var(--body-color); font-family: var(--body-font-family),sans-serif; font-size: 1.125rem; font-weight: var(--body-font-weight,400);\"> &#8211; Valdobbiadene Prosecco Superiore DOCG, Extra-Dry<br \/>\n<strong style=\"background-color: var(--body-bg-color); color: var(--body-color); font-family: var(--body-font-family),sans-serif; font-size: 1.125rem;\">ROS\u00c9<\/strong><span style=\"background-color: var(--body-bg-color); color: var(--body-color); font-family: var(--body-font-family),sans-serif; font-size: 1.125rem; font-weight: var(--body-font-weight,400);\"> &#8211; Spumante Rosato, 100% Pinot Nero, Brut<\/span><\/span><\/span><\/li>\n<li>Accompagnatore dedicato per la passeggiata e la degustazione guidata<\/li>\n<li><strong>Tagliere <\/strong>di prodotti tipici locali (formaggi e salumi); cestino di pane; acqua<\/li>\n<li>Racconto della storia e filosofia aziendale, introduzione ai territori del Prosecco (DOCG e DOC)<\/li>\n<\/ol>\n<p><em>*La selezione dei vini pu\u00f2 variare in relazione alla stagionalit\u00e0 e alla disponibilit\u00e0<\/em><\/p>\n<p><strong>INFOMAZIONI UTILI:<\/strong><\/p>\n<ul>\n<li>\u00c8 d\u2019obbligo indossare scarpe comode (da ginnastica o escursionismo), poich\u00e9 il percorso, seppur breve, presenta tratti irregolari.<\/li>\n<li>Si raccomanda un abbigliamento comodo, adeguato alla stagione e alle condizioni meteo, e pantaloni lunghi.<\/li>\n<li>Chi necessita di eventuali farmaci salvavita o simili dovr\u00e0 sempre averli con s\u00e9 durante l\u2019attivit\u00e0.<\/li>\n<li>L&#8217;esperienza potr\u00e0 svolgersi solo in caso di condizioni meteo favorevoli; in caso di maltempo dovr\u00e0 essere rimodulata, o riprogrammata ad altra data.<\/li>\n<\/ul>\n","protected":false},"excerpt":{"rendered":"<p>Una passeggiata esclusiva tra i nostri vigneti alla scoperta dei vini pi\u00f9 rappresentativi della tenuta e del paesaggio che circonda il Relais Duca di Dolle nelle colline di Conegliano-Valdobbiadene, patrimonio dell\u2019Unesco.<\/p>\n","protected":false},"featured_media":9262,"template":"","meta":{"_acf_changed":false},"product_brand":[],"product_cat":[277,280,276],"product_tag":[],"class_list":{"0":"post-6180","1":"product","2":"type-product","3":"status-publish","4":"has-post-thumbnail","6":"product_cat-adventure","7":"product_cat-history-culture","8":"product_cat-wine-lover-en","10":"first","11":"instock","12":"shipping-taxable","13":"purchasable","14":"product-type-simple"},"acf":[],"_links":{"self":[{"href":"https:\/\/ducadidolle.it\/en\/wp-json\/wp\/v2\/product\/6180","targetHints":{"allow":["GET"]}}],"collection":[{"href":"https:\/\/ducadidolle.it\/en\/wp-json\/wp\/v2\/product"}],"about":[{"href":"https:\/\/ducadidolle.it\/en\/wp-json\/wp\/v2\/types\/product"}],"version-history":[{"count":0,"href":"https:\/\/ducadidolle.it\/en\/wp-json\/wp\/v2\/product\/6180\/revisions"}],"wp:featuredmedia":[{"embeddable":true,"href":"https:\/\/ducadidolle.it\/en\/wp-json\/wp\/v2\/media\/9262"}],"wp:attachment":[{"href":"https:\/\/ducadidolle.it\/en\/wp-json\/wp\/v2\/media?parent=6180"}],"wp:term":[{"taxonomy":"product_brand","embeddable":true,"href":"https:\/\/ducadidolle.it\/en\/wp-json\/wp\/v2\/product_brand?post=6180"},{"taxonomy":"product_cat","embeddable":true,"href":"https:\/\/ducadidolle.it\/en\/wp-json\/wp\/v2\/product_cat?post=6180"},{"taxonomy":"product_tag","embeddable":true,"href":"https:\/\/ducadidolle.it\/en\/wp-json\/wp\/v2\/product_tag?post=6180"}],"curies":[{"name":"wp","href":"https:\/\/api.w.org\/{rel}","templated":true}]}}