{"id":11406,"date":"2025-03-04T12:14:09","date_gmt":"2025-03-04T11:14:09","guid":{"rendered":"https:\/\/ducadidolle.it\/senza-categoria\/easy-wine-experience\/"},"modified":"2026-01-30T18:44:33","modified_gmt":"2026-01-30T17:44:33","slug":"easy-wine-experience","status":"publish","type":"product","link":"https:\/\/ducadidolle.it\/en\/experience\/wine-lover-en\/easy-wine-experience\/","title":{"rendered":"Easy Wine Experience"},"content":{"rendered":"<p>La nostra Easy Wine Experience \u00e8 la degustazione che introduce con semplicit\u00e0 al mondo Duca di Dolle e ai suoi spumanti. Perfetta anche per chi ha poco tempo ma vuole assaporare pienamente l\u2019essenza dell\u2019affascinante territorio del Conegliano Valdobbiadene DOCG.<strong>\u00a0<\/strong><\/p>\n<p><strong>COSA \u00c8 INCLUSO:<\/strong><\/p>\n<ul>\n<li>Racconto della storia e filosofia aziendale e introduzione al territorio del Conegliano Valdobbiadene Prosecco DOCG.<\/li>\n<li><strong>Degustazione guidata<\/strong> di <strong>4 vini<\/strong> (a scelta tra i disponibili della nostra linea*); grissini; acqua.<\/li>\n<\/ul>\n<p><em>*La selezione dei vini pu\u00f2 variare in relazione alla stagionalit\u00e0 e alla disponibilit\u00e0<\/em><\/p>\n","protected":false},"excerpt":{"rendered":"<p>La nostra Easy Wine Experience \u00e8 la degustazione che introduce con semplicit\u00e0 al mondo Duca di Dolle e ai suoi spumanti. Perfetta anche per chi ha poco tempo ma vuole assaporare pienamente l\u2019essenza dell\u2019affascinante territorio del Conegliano Valdobbiadene DOCG.\u00a0 COSA \u00c8 INCLUSO: Racconto della storia e filosofia aziendale e introduzione al territorio del Conegliano Valdobbiadene [&hellip;]<\/p>\n","protected":false},"featured_media":11407,"template":"","meta":{"_acf_changed":false},"product_brand":[],"product_cat":[275,276],"product_tag":[],"class_list":{"0":"post-11406","1":"product","2":"type-product","3":"status-publish","4":"has-post-thumbnail","6":"product_cat-relax-en","7":"product_cat-wine-lover-en","9":"first","10":"instock","11":"shipping-taxable","12":"purchasable","13":"product-type-simple"},"acf":[],"_links":{"self":[{"href":"https:\/\/ducadidolle.it\/en\/wp-json\/wp\/v2\/product\/11406","targetHints":{"allow":["GET"]}}],"collection":[{"href":"https:\/\/ducadidolle.it\/en\/wp-json\/wp\/v2\/product"}],"about":[{"href":"https:\/\/ducadidolle.it\/en\/wp-json\/wp\/v2\/types\/product"}],"version-history":[{"count":3,"href":"https:\/\/ducadidolle.it\/en\/wp-json\/wp\/v2\/product\/11406\/revisions"}],"predecessor-version":[{"id":11863,"href":"https:\/\/ducadidolle.it\/en\/wp-json\/wp\/v2\/product\/11406\/revisions\/11863"}],"wp:featuredmedia":[{"embeddable":true,"href":"https:\/\/ducadidolle.it\/en\/wp-json\/wp\/v2\/media\/11407"}],"wp:attachment":[{"href":"https:\/\/ducadidolle.it\/en\/wp-json\/wp\/v2\/media?parent=11406"}],"wp:term":[{"taxonomy":"product_brand","embeddable":true,"href":"https:\/\/ducadidolle.it\/en\/wp-json\/wp\/v2\/product_brand?post=11406"},{"taxonomy":"product_cat","embeddable":true,"href":"https:\/\/ducadidolle.it\/en\/wp-json\/wp\/v2\/product_cat?post=11406"},{"taxonomy":"product_tag","embeddable":true,"href":"https:\/\/ducadidolle.it\/en\/wp-json\/wp\/v2\/product_tag?post=11406"}],"curies":[{"name":"wp","href":"https:\/\/api.w.org\/{rel}","templated":true}]}}